{"id":2653,"date":"2020-03-24T08:37:25","date_gmt":"2020-03-24T08:37:25","guid":{"rendered":"https:\/\/casalmaggiore.it\/?page_id=2653"},"modified":"2023-10-12T19:09:47","modified_gmt":"2023-10-12T19:09:47","slug":"segnala-il-tuo-negozio","status":"publish","type":"page","link":"https:\/\/casalmaggiore.it\/?page_id=2653","title":{"rendered":"Segnala il tuo negozio"},"content":{"rendered":"\t\t<div data-elementor-type=\"wp-page\" data-elementor-id=\"2653\" class=\"elementor elementor-2653\">\n\t\t\t\t\t\t\t\t\t<section class=\"elementor-section elementor-top-section elementor-element elementor-element-80d9ccf elementor-section-boxed elementor-section-height-default elementor-section-height-default\" data-id=\"80d9ccf\" data-element_type=\"section\">\n\t\t\t\t\t\t<div class=\"elementor-container elementor-column-gap-default\">\n\t\t\t\t\t<div class=\"elementor-column elementor-col-100 elementor-top-column elementor-element elementor-element-d91f3cb\" data-id=\"d91f3cb\" data-element_type=\"column\">\n\t\t\t<div class=\"elementor-widget-wrap elementor-element-populated\">\n\t\t\t\t\t\t\t\t<div class=\"elementor-element elementor-element-9027919 elementor-widget elementor-widget-heading\" data-id=\"9027919\" data-element_type=\"widget\" data-widget_type=\"heading.default\">\n\t\t\t\t<div class=\"elementor-widget-container\">\n\t\t\t<h2 class=\"elementor-heading-title elementor-size-default\">Promuovi la tua attivit\u00e0!<\/h2>\t\t<\/div>\n\t\t\t\t<\/div>\n\t\t\t\t\t<\/div>\n\t\t<\/div>\n\t\t\t\t\t\t\t<\/div>\n\t\t<\/section>\n\t\t\t\t<section class=\"elementor-section elementor-top-section elementor-element elementor-element-2282f90 elementor-section-boxed elementor-section-height-default elementor-section-height-default\" data-id=\"2282f90\" data-element_type=\"section\">\n\t\t\t\t\t\t<div class=\"elementor-container elementor-column-gap-default\">\n\t\t\t\t\t<div class=\"elementor-column elementor-col-100 elementor-top-column elementor-element elementor-element-f49c075\" data-id=\"f49c075\" data-element_type=\"column\">\n\t\t\t<div class=\"elementor-widget-wrap elementor-element-populated\">\n\t\t\t\t\t\t\t\t<section class=\"elementor-section elementor-inner-section elementor-element elementor-element-2e1b349 elementor-section-boxed elementor-section-height-default elementor-section-height-default\" data-id=\"2e1b349\" data-element_type=\"section\">\n\t\t\t\t\t\t<div class=\"elementor-container elementor-column-gap-default\">\n\t\t\t\t\t<div class=\"elementor-column elementor-col-50 elementor-inner-column elementor-element elementor-element-795b875\" data-id=\"795b875\" data-element_type=\"column\">\n\t\t\t<div class=\"elementor-widget-wrap elementor-element-populated\">\n\t\t\t\t\t\t\t\t<div class=\"elementor-element elementor-element-ba9ee4f elementor-widget elementor-widget-alert\" data-id=\"ba9ee4f\" data-element_type=\"widget\" data-widget_type=\"alert.default\">\n\t\t\t\t<div class=\"elementor-widget-container\">\n\t\t\t\t\t<div class=\"elementor-alert elementor-alert-danger\" role=\"alert\">\n\t\t\t<span class=\"elementor-alert-title\">Inserisci il tuo negozio<\/span>\n\t\t\t\t\t\t\t<span class=\"elementor-alert-description\">Contattaci per inserire la tua attivit\u00e0 sul nostro sito web<\/span>\n\t\t\t\t\t\t\t\t\t\t<button type=\"button\" class=\"elementor-alert-dismiss\">\n\t\t\t\t\t\t\t\t\t\t\t<span aria-hidden=\"true\">&times;<\/span>\n\t\t\t\t\t\t\t\t\t\t<span class=\"elementor-screen-only\">Ignora questo avviso.<\/span>\n\t\t\t\t<\/button>\n\t\t\t\t\t<\/div>\n\t\t\t\t<\/div>\n\t\t\t\t<\/div>\n\t\t\t\t\t<\/div>\n\t\t<\/div>\n\t\t\t\t<div class=\"elementor-column elementor-col-50 elementor-inner-column elementor-element elementor-element-1273288\" data-id=\"1273288\" data-element_type=\"column\">\n\t\t\t<div class=\"elementor-widget-wrap elementor-element-populated\">\n\t\t\t\t\t\t\t\t<div class=\"elementor-element elementor-element-145f6c4 elementor-widget elementor-widget-image\" data-id=\"145f6c4\" data-element_type=\"widget\" data-widget_type=\"image.default\">\n\t\t\t\t<div class=\"elementor-widget-container\">\n\t\t\t\t\t\t\t\t\t\t\t\t\t\t\t<img loading=\"lazy\" decoding=\"async\" width=\"660\" height=\"368\" src=\"https:\/\/casalmaggiore.it\/wp-content\/uploads\/2020\/03\/consegna-a-domicilio-621376.660x368.jpg\" class=\"attachment-large size-large wp-image-2664\" alt=\"\" srcset=\"https:\/\/casalmaggiore.it\/wp-content\/uploads\/2020\/03\/consegna-a-domicilio-621376.660x368.jpg 660w, https:\/\/casalmaggiore.it\/wp-content\/uploads\/2020\/03\/consegna-a-domicilio-621376.660x368-300x167.jpg 300w\" sizes=\"auto, (max-width: 660px) 100vw, 660px\" \/>\t\t\t\t\t\t\t\t\t\t\t\t\t\t\t<\/div>\n\t\t\t\t<\/div>\n\t\t\t\t\t<\/div>\n\t\t<\/div>\n\t\t\t\t\t\t\t<\/div>\n\t\t<\/section>\n\t\t\t\t<div class=\"elementor-element elementor-element-d22a28e elementor-widget elementor-widget-text-editor\" data-id=\"d22a28e\" data-element_type=\"widget\" data-widget_type=\"text-editor.default\">\n\t\t\t\t<div class=\"elementor-widget-container\">\n\t\t\t\t\t\t\t<h5>Inserisci la tua attivit\u00e0 gratuitamente. Mandaci una foto una descrizioni e se effettui consegne a domicilio. Ogni dettaglio verr\u00e0 pubblicato sul nostro sito e ti permetter\u00e0 di aumentare la visibilit\u00e0 della tua azienda e della tua impresa.<\/h5><p>Scrivi a <span style=\"color: #3366ff;\"><strong>redazione@casalmaggiore.it\u00a0<\/strong><\/span><\/p>\t\t\t\t\t\t<\/div>\n\t\t\t\t<\/div>\n\t\t\t\t\t<\/div>\n\t\t<\/div>\n\t\t\t\t\t\t\t<\/div>\n\t\t<\/section>\n\t\t\t\t\t\t\t<\/div>\n\t\t","protected":false},"excerpt":{"rendered":"<p>Promuovi la tua attivit\u00e0! Inserisci il tuo negozio Contattaci per inserire la tua attivit\u00e0 sul nostro sito web &times; Ignora questo avviso. Inserisci la tua attivit\u00e0 gratuitamente. Mandaci una foto una descrizioni e se effettui consegne a domicilio. Ogni dettaglio verr\u00e0 pubblicato sul nostro sito e ti permetter\u00e0 di aumentare la visibilit\u00e0 della tua azienda e della tua impresa. Scrivi a redazione@casalmaggiore.it\u00a0<\/p>\n","protected":false},"author":1,"featured_media":2664,"parent":0,"menu_order":0,"comment_status":"closed","ping_status":"closed","template":"elementor_header_footer","meta":{"footnotes":""},"class_list":["post-2653","page","type-page","status-publish","has-post-thumbnail","hentry"],"yoast_head":"<!-- This site is optimized with the Yoast SEO plugin v21.4 - https:\/\/yoast.com\/wordpress\/plugins\/seo\/ -->\n<title>Promuovi la tua attivit\u00e0 su Casalmaggiore.it - Gratuitamente<\/title>\n<meta name=\"description\" content=\"Inserisci la tua attivit\u00e0, impresa o negozio su CASALMAGGIORE.IT e aumenta la visibilit\u00e0 in modo immediato e strategico!\" \/>\n<meta name=\"robots\" content=\"index, follow, max-snippet:-1, max-image-preview:large, max-video-preview:-1\" \/>\n<link rel=\"canonical\" href=\"https:\/\/casalmaggiore.it\/?page_id=2653\" \/>\n<meta property=\"og:locale\" content=\"it_IT\" \/>\n<meta property=\"og:type\" content=\"article\" \/>\n<meta property=\"og:title\" content=\"Promuovi la tua attivit\u00e0 su Casalmaggiore.it - Gratuitamente\" \/>\n<meta property=\"og:description\" content=\"Inserisci la tua attivit\u00e0, impresa o negozio su CASALMAGGIORE.IT e aumenta la visibilit\u00e0 in modo immediato e strategico!\" \/>\n<meta property=\"og:url\" content=\"https:\/\/casalmaggiore.it\/?page_id=2653\" \/>\n<meta property=\"og:site_name\" content=\"Il sito di Casalmaggiore.it\" \/>\n<meta property=\"article:modified_time\" content=\"2023-10-12T19:09:47+00:00\" \/>\n<meta property=\"og:image\" content=\"https:\/\/casalmaggiore.it\/wp-content\/uploads\/2020\/03\/consegna-a-domicilio-621376.660x368.jpg\" \/>\n\t<meta property=\"og:image:width\" content=\"660\" \/>\n\t<meta property=\"og:image:height\" content=\"368\" \/>\n\t<meta property=\"og:image:type\" content=\"image\/jpeg\" \/>\n<meta name=\"twitter:card\" content=\"summary_large_image\" \/>\n<meta name=\"twitter:label1\" content=\"Tempo di lettura stimato\" \/>\n\t<meta name=\"twitter:data1\" content=\"1 minuto\" \/>\n<script type=\"application\/ld+json\" class=\"yoast-schema-graph\">{\"@context\":\"https:\/\/schema.org\",\"@graph\":[{\"@type\":\"WebPage\",\"@id\":\"https:\/\/casalmaggiore.it\/?page_id=2653\",\"url\":\"https:\/\/casalmaggiore.it\/?page_id=2653\",\"name\":\"Promuovi la tua attivit\u00e0 su Casalmaggiore.it - Gratuitamente\",\"isPartOf\":{\"@id\":\"https:\/\/casalmaggiore.it\/#website\"},\"datePublished\":\"2020-03-24T08:37:25+00:00\",\"dateModified\":\"2023-10-12T19:09:47+00:00\",\"description\":\"Inserisci la tua attivit\u00e0, impresa o negozio su CASALMAGGIORE.IT e aumenta la visibilit\u00e0 in modo immediato e strategico!\",\"breadcrumb\":{\"@id\":\"https:\/\/casalmaggiore.it\/?page_id=2653#breadcrumb\"},\"inLanguage\":\"it-IT\",\"potentialAction\":[{\"@type\":\"ReadAction\",\"target\":[\"https:\/\/casalmaggiore.it\/?page_id=2653\"]}]},{\"@type\":\"BreadcrumbList\",\"@id\":\"https:\/\/casalmaggiore.it\/?page_id=2653#breadcrumb\",\"itemListElement\":[{\"@type\":\"ListItem\",\"position\":1,\"name\":\"Home\",\"item\":\"https:\/\/casalmaggiore.it\/\"},{\"@type\":\"ListItem\",\"position\":2,\"name\":\"Segnala il tuo negozio\"}]},{\"@type\":\"WebSite\",\"@id\":\"https:\/\/casalmaggiore.it\/#website\",\"url\":\"https:\/\/casalmaggiore.it\/\",\"name\":\"Il sito di Casalmaggiore.it\",\"description\":\"Guide, negozi e notizie utili\",\"potentialAction\":[{\"@type\":\"SearchAction\",\"target\":{\"@type\":\"EntryPoint\",\"urlTemplate\":\"https:\/\/casalmaggiore.it\/?s={search_term_string}\"},\"query-input\":\"required name=search_term_string\"}],\"inLanguage\":\"it-IT\"}]}<\/script>\n<!-- \/ Yoast SEO plugin. -->","yoast_head_json":{"title":"Promuovi la tua attivit\u00e0 su Casalmaggiore.it - Gratuitamente","description":"Inserisci la tua attivit\u00e0, impresa o negozio su CASALMAGGIORE.IT e aumenta la visibilit\u00e0 in modo immediato e strategico!","robots":{"index":"index","follow":"follow","max-snippet":"max-snippet:-1","max-image-preview":"max-image-preview:large","max-video-preview":"max-video-preview:-1"},"canonical":"https:\/\/casalmaggiore.it\/?page_id=2653","og_locale":"it_IT","og_type":"article","og_title":"Promuovi la tua attivit\u00e0 su Casalmaggiore.it - Gratuitamente","og_description":"Inserisci la tua attivit\u00e0, impresa o negozio su CASALMAGGIORE.IT e aumenta la visibilit\u00e0 in modo immediato e strategico!","og_url":"https:\/\/casalmaggiore.it\/?page_id=2653","og_site_name":"Il sito di Casalmaggiore.it","article_modified_time":"2023-10-12T19:09:47+00:00","og_image":[{"width":660,"height":368,"url":"https:\/\/casalmaggiore.it\/wp-content\/uploads\/2020\/03\/consegna-a-domicilio-621376.660x368.jpg","type":"image\/jpeg"}],"twitter_card":"summary_large_image","twitter_misc":{"Tempo di lettura stimato":"1 minuto"},"schema":{"@context":"https:\/\/schema.org","@graph":[{"@type":"WebPage","@id":"https:\/\/casalmaggiore.it\/?page_id=2653","url":"https:\/\/casalmaggiore.it\/?page_id=2653","name":"Promuovi la tua attivit\u00e0 su Casalmaggiore.it - Gratuitamente","isPartOf":{"@id":"https:\/\/casalmaggiore.it\/#website"},"datePublished":"2020-03-24T08:37:25+00:00","dateModified":"2023-10-12T19:09:47+00:00","description":"Inserisci la tua attivit\u00e0, impresa o negozio su CASALMAGGIORE.IT e aumenta la visibilit\u00e0 in modo immediato e strategico!","breadcrumb":{"@id":"https:\/\/casalmaggiore.it\/?page_id=2653#breadcrumb"},"inLanguage":"it-IT","potentialAction":[{"@type":"ReadAction","target":["https:\/\/casalmaggiore.it\/?page_id=2653"]}]},{"@type":"BreadcrumbList","@id":"https:\/\/casalmaggiore.it\/?page_id=2653#breadcrumb","itemListElement":[{"@type":"ListItem","position":1,"name":"Home","item":"https:\/\/casalmaggiore.it\/"},{"@type":"ListItem","position":2,"name":"Segnala il tuo negozio"}]},{"@type":"WebSite","@id":"https:\/\/casalmaggiore.it\/#website","url":"https:\/\/casalmaggiore.it\/","name":"Il sito di Casalmaggiore.it","description":"Guide, negozi e notizie utili","potentialAction":[{"@type":"SearchAction","target":{"@type":"EntryPoint","urlTemplate":"https:\/\/casalmaggiore.it\/?s={search_term_string}"},"query-input":"required name=search_term_string"}],"inLanguage":"it-IT"}]}},"_links":{"self":[{"href":"https:\/\/casalmaggiore.it\/index.php?rest_route=\/wp\/v2\/pages\/2653","targetHints":{"allow":["GET"]}}],"collection":[{"href":"https:\/\/casalmaggiore.it\/index.php?rest_route=\/wp\/v2\/pages"}],"about":[{"href":"https:\/\/casalmaggiore.it\/index.php?rest_route=\/wp\/v2\/types\/page"}],"author":[{"embeddable":true,"href":"https:\/\/casalmaggiore.it\/index.php?rest_route=\/wp\/v2\/users\/1"}],"replies":[{"embeddable":true,"href":"https:\/\/casalmaggiore.it\/index.php?rest_route=%2Fwp%2Fv2%2Fcomments&post=2653"}],"version-history":[{"count":14,"href":"https:\/\/casalmaggiore.it\/index.php?rest_route=\/wp\/v2\/pages\/2653\/revisions"}],"predecessor-version":[{"id":3032,"href":"https:\/\/casalmaggiore.it\/index.php?rest_route=\/wp\/v2\/pages\/2653\/revisions\/3032"}],"wp:featuredmedia":[{"embeddable":true,"href":"https:\/\/casalmaggiore.it\/index.php?rest_route=\/wp\/v2\/media\/2664"}],"wp:attachment":[{"href":"https:\/\/casalmaggiore.it\/index.php?rest_route=%2Fwp%2Fv2%2Fmedia&parent=2653"}],"curies":[{"name":"wp","href":"https:\/\/api.w.org\/{rel}","templated":true}]}}